{"id":748,"date":"2018-06-28T17:20:47","date_gmt":"2018-06-28T20:20:47","guid":{"rendered":"https:\/\/isdiamante-ers.infd.edu.ar\/sitio\/tecnicatura-superior-en-enfermeria\/"},"modified":"2026-03-16T18:34:27","modified_gmt":"2026-03-16T21:34:27","slug":"tecnicatura-superior-en-enfermeria","status":"publish","type":"page","link":"https:\/\/isdiamante-ers.infd.edu.ar\/sitio\/tecnicatura-superior-en-enfermeria\/","title":{"rendered":"Tecnicatura Superior en Enfermer\u00eda"},"content":{"rendered":"<p><img decoding=\"async\" src=\"https:\/\/isdiamante-ers.infd.edu.ar\/sitio\/wp-content\/uploads\/2018\/07\/enfermeras-1000x479.png\" alt=\"\" style=\"width: 100%; visibility: hidden;\" \/><\/p>\n<h1 style=\"margin-bottom: 35px;\">Tecnicatura Superior en Enfermer\u00eda<\/h1>\n<div style=\"width: 45%; float: left;\"><em><strong>T\u00edtulo<\/strong><\/em>: T\u00e9cnico Superior en Enfermer\u00eda <br \/><em><strong>Duraci\u00f3n de la carrera:<\/strong><\/em> 3 a\u00f1os <br \/><em><strong>Nivel<\/strong><\/em>: Superior <br \/><em><strong>Modalidad:<\/strong><\/em> Formaci\u00f3n T\u00e9cnica <br \/><em><strong>Condiciones de ingreso:<\/strong><\/em> Escuela Secundaria completa.<\/p>\n<p><em>La visi\u00f3n de enfermer\u00eda definida en los lineamientos de la OMS-OPS expresa: Los servicios de enfermer\u00eda son un componente de los sistemas de salud esencial para el desarrollo de la sociedad. Contribuyen eficazmente al logro de las mejores condiciones de vida de los individuos, las familias y las comunidades mediante una formaci\u00f3n y una pr\u00e1ctica basada en principios de equidad, accesibilidad, cobertura y sostenibilidad de la atenci\u00f3n a toda la poblaci\u00f3n. <\/em> <em>Su reto es dar respuesta oportuna a los cambios permanentes que generan la transformaci\u00f3n de los paradigmas en la formaci\u00f3n, la pr\u00e1ctica y la investigaci\u00f3n. Por esta raz\u00f3n se proyectan hacia el mantenimiento de la excelencia t\u00e9cnica de las intervenciones que realizan, teniendo en cuenta los avances sociales, cient\u00edficos, humanos y tecnol\u00f3gicos.<\/em><\/div>\n<div style=\"width: 45%; float: right;\">\n<h3 style=\"margin-top: 0px;\">Pre Inscripci\u00f3n 2026<\/h3>\n<p>Ya se encuentra la preinscripci\u00f3n a la carrera para alumnos ingresantes a primer a\u00f1o. Para inscribirte haz click aqui<\/p>\n<p><span style=\"color: #ff0000;\"><strong>INSCRIPCI\u00d3N CERRADA DESDE EL 13\/02\/2026<\/strong><\/span><\/p>\n<h3>Inscripci\u00f3n a materias 2026<\/h3>\n<p>Ya se encuentra la inscripci\u00f3n a las materias para todos los alumnos. Para inscribirte haz\u00a0<a href=\"https:\/\/gaben.com.ar\/PortalISD\">click aqui<\/a><\/p>\n<h3 style=\"margin-top: 0px;\">Plan de estudios<\/h3>\n<p>Para ver el plan de estudios haz <a href=\"..\/wp-content\/uploads\/2018\/08\/Dise\u00f1o-Curricular-Tecnicatura-Sup.-en-Enfermer\u00eda.pdf\">click aqu\u00ed<\/a><\/p>\n<h3 style=\"margin-top: 0px;\">Descargas<\/h3>\n<p><a href=\"https:\/\/isdiamante-ers.infd.edu.ar\/sitio\/wp-content\/uploads\/2022\/03\/FICHA-CORRELATIVIDADES.pdf\">Planilla de correlatividades<\/a><\/p>\n<\/div>\n","protected":false},"excerpt":{"rendered":"<p>Tecnicatura Superior en Enfermer\u00eda T\u00edtulo: T\u00e9cnico Superior en Enfermer\u00eda Duraci\u00f3n de la carrera: 3 a\u00f1os Nivel: Superior Modalidad: Formaci\u00f3n T\u00e9cnica Condiciones de ingreso: Escuela Secundaria completa. La visi\u00f3n de enfermer\u00eda definida en los lineamientos de la OMS-OPS expresa: Los servicios de enfermer\u00eda son un componente de los sistemas de salud esencial para el desarrollo de &#8230; <a title=\"Tecnicatura Superior en Enfermer\u00eda\" class=\"read-more\" href=\"https:\/\/isdiamante-ers.infd.edu.ar\/sitio\/tecnicatura-superior-en-enfermeria\/\" aria-label=\"More on Tecnicatura Superior en Enfermer\u00eda\">[+]<\/a><\/p>\n","protected":false},"author":7,"featured_media":0,"parent":0,"menu_order":0,"comment_status":"closed","ping_status":"closed","template":"","meta":[],"acf":[],"_links":{"self":[{"href":"https:\/\/isdiamante-ers.infd.edu.ar\/sitio\/wp-json\/wp\/v2\/pages\/748"}],"collection":[{"href":"https:\/\/isdiamante-ers.infd.edu.ar\/sitio\/wp-json\/wp\/v2\/pages"}],"about":[{"href":"https:\/\/isdiamante-ers.infd.edu.ar\/sitio\/wp-json\/wp\/v2\/types\/page"}],"author":[{"embeddable":true,"href":"https:\/\/isdiamante-ers.infd.edu.ar\/sitio\/wp-json\/wp\/v2\/users\/7"}],"replies":[{"embeddable":true,"href":"https:\/\/isdiamante-ers.infd.edu.ar\/sitio\/wp-json\/wp\/v2\/comments?post=748"}],"version-history":[{"count":59,"href":"https:\/\/isdiamante-ers.infd.edu.ar\/sitio\/wp-json\/wp\/v2\/pages\/748\/revisions"}],"predecessor-version":[{"id":2188,"href":"https:\/\/isdiamante-ers.infd.edu.ar\/sitio\/wp-json\/wp\/v2\/pages\/748\/revisions\/2188"}],"wp:attachment":[{"href":"https:\/\/isdiamante-ers.infd.edu.ar\/sitio\/wp-json\/wp\/v2\/media?parent=748"}],"curies":[{"name":"wp","href":"https:\/\/api.w.org\/{rel}","templated":true}]}}